{"id":78,"date":"2012-10-25T20:34:02","date_gmt":"2012-10-25T20:34:02","guid":{"rendered":"http:\/\/catrinasteffen.de\/galerie\/?page_id=78"},"modified":"2019-11-04T07:44:58","modified_gmt":"2019-11-04T07:44:58","slug":"vita","status":"publish","type":"page","link":"http:\/\/catrinasteffen.de\/galerie\/?page_id=78","title":{"rendered":"Vita"},"content":{"rendered":"<h2>Vita<\/h2>\n<div style=\"width: 400px; float: left; margin-right: 50px;\">\n<p>&nbsp;<\/p>\n<ul style=\"text-align: left;\">\n<li><strong>geboren 1967<\/strong><\/li>\n<li><strong>1974-86 Besuch der Schule und Abitur<\/strong><\/li>\n<li><strong>k\u00fcnstlerische Pr\u00e4gung durch die Kunstp\u00e4dagogin Brigitte&nbsp; R\u00f6the (heute Heuer) und den Keramiker Karl Fulle, ausserdem Klavier-und Orgelunterricht bei Alexander&nbsp; Knacke und Martin Domke<\/strong><\/li>\n<li><strong>1986-87 Arbeit im Steingutwerk Rheinsberg und in der&nbsp; T\u00f6pferei&nbsp; J\u00f6rg Schenderlein, Stahnsdorf<\/strong><\/li>\n<li><strong>1987-89 Vorpraktikum mit T\u00f6pferlehre bei Wolfgang Philler in der Hochschulwerkstatt der Burg Giebichenstein, B\u00fcrgel<\/strong><\/li>\n<li><strong>1989 Abschluss mit Gesellenpr\u00fcfung<\/strong><\/li>\n<li><strong>1989-95 Studium im FB Keramik der Hochschule f\u00fcr Kunst und Design Burg Giebichenstein Halle bei Prof . Martin Wetzel, Marlies Lischka, Heidi Manthey, Prof. Antje Scharfe und Eva Natus-Salamoun<\/strong><\/li>\n<\/ul>\n<\/div>\n<ul style=\"text-align: left;\">\n<li><strong>1995-97 Aufbaustudium bei Prof. Antje Scharfe<\/strong><\/li>\n<li><strong>danach freiberuflich als Illustratorin und Grafikerin t\u00e4tig<\/strong><\/li>\n<li><strong>2000-2005 K\u00fcnstlerin ( Grafikerin,Musikerin und T\u00e4nzerin) im Wandercircus Kala Shejtan, Tourneen im Osten und S\u00fcden Deutschlands und in Ostpolen<\/strong><\/li>\n<li><strong>2005-2008 Arbeit als Grafikerin, Stra\u00dfenmusikerin und freie k\u00fcnstlerische Mitarbeiterin im Figurentheater M\u00e4rchenteppich in Halle\/Saale<\/strong><\/li>\n<li><strong>2009-2011 Weiterbildung \u201eHeilende Stimme und Gesangs-Therapie\u201c am ISGT Berlin bei Carien Wijnen, Abschluss mit&nbsp; Zertifikat<\/strong><\/li>\n<li><strong>seit 2011 freiberuflich als Grafikerin, Malerin und Raumgestalterin t\u00e4tig<\/strong><\/li>\n<li><strong>S\u00e4ngerin im Skandinavisch-Irischen Ensemble TREE und im Potsdamer Vokaltrio ORENDA<\/strong><\/li>\n<\/ul>\n<p><strong>Ich lebe mit meinen Kindern Jonathan, Jorinde und Raja in Potsdam.<\/strong><\/p>\n","protected":false},"excerpt":{"rendered":"<p>Vita &nbsp; geboren 1967 1974-86 Besuch der Schule und Abitur k\u00fcnstlerische Pr\u00e4gung durch die Kunstp\u00e4dagogin Brigitte&nbsp; R\u00f6the (heute Heuer) und den Keramiker Karl Fulle, ausserdem Klavier-und Orgelunterricht bei Alexander&nbsp; Knacke und Martin Domke 1986-87 Arbeit im Steingutwerk Rheinsberg und in der&nbsp; T\u00f6pferei&nbsp; J\u00f6rg Schenderlein, Stahnsdorf 1987-89 Vorpraktikum mit T\u00f6pferlehre bei Wolfgang Philler in der Hochschulwerkstatt [&hellip;]<\/p>\n","protected":false},"author":3,"featured_media":0,"parent":0,"menu_order":0,"comment_status":"closed","ping_status":"open","template":"","meta":{"ngg_post_thumbnail":0,"footnotes":""},"class_list":["post-78","page","type-page","status-publish","hentry"],"_links":{"self":[{"href":"http:\/\/catrinasteffen.de\/galerie\/index.php?rest_route=\/wp\/v2\/pages\/78"}],"collection":[{"href":"http:\/\/catrinasteffen.de\/galerie\/index.php?rest_route=\/wp\/v2\/pages"}],"about":[{"href":"http:\/\/catrinasteffen.de\/galerie\/index.php?rest_route=\/wp\/v2\/types\/page"}],"author":[{"embeddable":true,"href":"http:\/\/catrinasteffen.de\/galerie\/index.php?rest_route=\/wp\/v2\/users\/3"}],"replies":[{"embeddable":true,"href":"http:\/\/catrinasteffen.de\/galerie\/index.php?rest_route=%2Fwp%2Fv2%2Fcomments&post=78"}],"version-history":[{"count":27,"href":"http:\/\/catrinasteffen.de\/galerie\/index.php?rest_route=\/wp\/v2\/pages\/78\/revisions"}],"predecessor-version":[{"id":706,"href":"http:\/\/catrinasteffen.de\/galerie\/index.php?rest_route=\/wp\/v2\/pages\/78\/revisions\/706"}],"wp:attachment":[{"href":"http:\/\/catrinasteffen.de\/galerie\/index.php?rest_route=%2Fwp%2Fv2%2Fmedia&parent=78"}],"curies":[{"name":"wp","href":"https:\/\/api.w.org\/{rel}","templated":true}]}}