{"id":303,"date":"2012-12-05T22:09:10","date_gmt":"2012-12-05T22:09:10","guid":{"rendered":"http:\/\/catrinasteffen.de\/galerie\/?page_id=303"},"modified":"2012-12-05T22:16:14","modified_gmt":"2012-12-05T22:16:14","slug":"projekte","status":"publish","type":"page","link":"http:\/\/catrinasteffen.de\/galerie\/?page_id=303","title":{"rendered":"Projekte"},"content":{"rendered":"<div>\n<h2><strong>K\u00fcnstlerische Projekte<\/strong><\/h2>\n<ul>\n<li><strong>1992-93 grafische Ausstattung ( Plakat,Programmheft und Cd-Cover) und B\u00fchnenbild f\u00fcr die Produktion \u201eDie 7 Gaben-Lieder im M\u00e4rchenmantel\u201c von Gerhard Sch\u00f6ne in Zusammenarbeit mit dem Berliner Fotografiker Bogomil J.Helm<\/strong><\/li>\n<li><strong>1996-98 Kleinkunstb\u00fchne \u201eDas Zimmer ohne Decke\u201c mit Daniel Zeller , Gastk\u00fcnstler aus verschiedenen L\u00e4ndern, u.a. Schattentheater Teatr Tjen aus Moskau und der Chor, Kwaya Kuu aus Namibia<\/strong><\/li>\n<li><strong>Illustrationen f\u00fcr die Kinderzeitschrift\u201c Der Bunte Hund\u201c, Verlag Beltz und Gelberg<\/strong><\/li>\n<li><strong>2000-2005 Wanderzirkusemsemble Kala Shejtan (S\u00e4ngerin und Akkordeonistin, T\u00e4nzerin, Kost\u00fcmbildnerin und Grafikerin), Auftritte im Osten und S\u00fcden Deutschlands und in Ostpolen<\/strong><\/li>\n<li><strong>2001 Einladungskarte und Performance zum Jubil\u00e4um der Berlinischen Galerie in Zusammenarbeit mit Bogomil J.Helm<\/strong><\/li>\n<li><strong>seit 2002 Gestaltung eines grafischen Jahreskalenderposters mit Bogomil J.Helm<\/strong><\/li>\n<li><strong>Plakate und Cd-Cover f\u00fcr verschiedene K\u00fcnstler,u.a. Gerhard Sch\u00f6ne, Gregor Wollny,Theater GoiGOi, Oleg Nehls,Theater am Rand, Ev. Landeskirche Brandenburg<\/strong><\/li>\n<li><strong>Gestaltung \u00f6ffentlicher R\u00e4ume :<\/strong><br \/>\n<strong> Hof Am Markt 9 in Havelberg, Kindergarten des Fl\u00fcchtlingslagers in Varazdin, Montessori Kinderhaus Potsdam West, Circusvariete Halle, Cafe Kieselstein Potsdam<\/strong><\/li>\n<li><strong>2012 Gedichtband \u201eLieber Liebe\u201c von Dr.Eberhard W.Grundmann mit Motiven der Kalenderedition als Illustrationen, erschienen im Projekte-Verlag Halle<\/strong><\/li>\n<\/ul>\n<\/div>\n","protected":false},"excerpt":{"rendered":"<p>K\u00fcnstlerische Projekte 1992-93 grafische Ausstattung ( Plakat,Programmheft und Cd-Cover) und B\u00fchnenbild f\u00fcr die Produktion \u201eDie 7 Gaben-Lieder im M\u00e4rchenmantel\u201c von Gerhard Sch\u00f6ne in Zusammenarbeit mit dem Berliner Fotografiker Bogomil J.Helm 1996-98 Kleinkunstb\u00fchne \u201eDas Zimmer ohne Decke\u201c mit Daniel Zeller , Gastk\u00fcnstler aus verschiedenen L\u00e4ndern, u.a. Schattentheater Teatr Tjen aus Moskau und der Chor, Kwaya Kuu [&hellip;]<\/p>\n","protected":false},"author":3,"featured_media":0,"parent":0,"menu_order":0,"comment_status":"closed","ping_status":"open","template":"","meta":{"ngg_post_thumbnail":0,"footnotes":""},"class_list":["post-303","page","type-page","status-publish","hentry"],"_links":{"self":[{"href":"http:\/\/catrinasteffen.de\/galerie\/index.php?rest_route=\/wp\/v2\/pages\/303"}],"collection":[{"href":"http:\/\/catrinasteffen.de\/galerie\/index.php?rest_route=\/wp\/v2\/pages"}],"about":[{"href":"http:\/\/catrinasteffen.de\/galerie\/index.php?rest_route=\/wp\/v2\/types\/page"}],"author":[{"embeddable":true,"href":"http:\/\/catrinasteffen.de\/galerie\/index.php?rest_route=\/wp\/v2\/users\/3"}],"replies":[{"embeddable":true,"href":"http:\/\/catrinasteffen.de\/galerie\/index.php?rest_route=%2Fwp%2Fv2%2Fcomments&post=303"}],"version-history":[{"count":6,"href":"http:\/\/catrinasteffen.de\/galerie\/index.php?rest_route=\/wp\/v2\/pages\/303\/revisions"}],"predecessor-version":[{"id":313,"href":"http:\/\/catrinasteffen.de\/galerie\/index.php?rest_route=\/wp\/v2\/pages\/303\/revisions\/313"}],"wp:attachment":[{"href":"http:\/\/catrinasteffen.de\/galerie\/index.php?rest_route=%2Fwp%2Fv2%2Fmedia&parent=303"}],"curies":[{"name":"wp","href":"https:\/\/api.w.org\/{rel}","templated":true}]}}