{"id":13,"date":"2012-10-23T14:27:09","date_gmt":"2012-10-23T14:27:09","guid":{"rendered":"http:\/\/catrinasteffen.de\/?page_id=13"},"modified":"2013-01-17T09:02:14","modified_gmt":"2013-01-17T09:02:14","slug":"raumgestaltung","status":"publish","type":"page","link":"http:\/\/catrinasteffen.de\/galerie\/?page_id=13","title":{"rendered":"Raumgestaltung"},"content":{"rendered":"<div style=\"text-align: left;\">\n<h2 style=\"margin-bottom: 10px;\">Raumgestaltung<\/h2>\n<div style=\"width: 250px; float: left; margin-right: 20px;\">\n<p><strong><em>R\u00e4ume sind wie unsere zweite Haut.<\/em><\/strong><\/p>\n<p><strong><em><\/em>Es ist f\u00fcr mich immer wieder eine sch\u00f6ne Aufgabe, R\u00e4ume so zu gestalten, dass die Menschen,die sie nutzen, sich darin wohlf\u00fchlen, dass sie in den jeweiligen Bereichen und Phasen ihres Lebens unterst\u00fctzt, inspiriert und darin gef\u00f6rdert werden, ihr pers\u00f6nliches und kreatives Potential zu entfalten.<\/strong><\/p>\n<p><strong>Ein gestalterisches Element ist dabei die k\u00fcnstlerische Wandbemalung mit Bildern \/Symbolen\/Mustern, die der Bestimmung des Raumes und den individuellen Bed\u00fcrfnissen der Menschen Ausdruck verleihen.<\/strong><\/p>\n<\/div>\n<div style=\"width: 280px; float: left;\">\n<p><strong>Ich gestalte R\u00e4ume aller Art :<\/strong><\/p>\n<p><strong><span style=\"color: #993300;\"><em>Schulen und Kinderg\u00e4rten, Arbeitsr\u00e4ume,Therapeutische Einrichtungen, Wartezimmer, Geburtsh\u00e4user, Hebammenpraxen und Hospizr\u00e4ume,Arbeits\u00e4mter, L\u00e4den, Musikzimmer, Versammlungsr\u00e4ume, Bibliotheken, Spiel-und Kinderzimmer, K\u00fcchen und Badezimmer, Liebesnester , Musentempel, Cafes, Tanzstudios, Yogaschulen, Hochetagen und Tiefgaragen, Schlafzimmer, Fests\u00e4\u00e4le und Meditationsr\u00e4ume, klein und gro\u00df, eckig, oval und rund, f\u00fcr Menschen,Tiere und Pflanzen, in Neu- und Altbauten, Baumh\u00e4usern, Hausbooten, alten Wassert\u00fcrmen, Erdh\u00f6hlen, Wohnh\u00fcgeln, Badeh\u00e4usern, Windm\u00fchlen, Wolkenkratzern, Schneckenh\u00e4usern, schwimmenden Teepavillons, Circusw\u00e4gen, Mongolfieren, Lehmh\u00fctten, Pfahlh\u00e4usern und Schl\u00f6ssern und allen Arten von Geb\u00e4uden, die unsere Fantasie in Zukunft noch entstehen l\u00e4sst&#8230;<\/em><\/span><\/strong><\/p>\n<\/div>\n<div style=\"width: 230px; float: right; margin-top: -20px;\">\n<h3><strong>Nestbau<\/strong><\/h3>\n<p><strong>Die liebevolle Gestaltung des Kinderzimmers oder des eigenen Schlafzimmers ist f\u00fcr werdende Eltern eine sch\u00f6ne M\u00f6glichkeit, sich auf das\u00a0 Leben als Familie vorzubereiten und das neue Wesen willkommen zu hei\u00dfen.<\/strong><\/p>\n<h3><strong>k\u00fcnstlerische Wandbemalung nach individuellen W\u00fcnschen<\/strong><\/h3>\n<p><strong>Das Honorar ist abh\u00e4ngig vom Arbeitsaufwand und wird individuell vereinbart.<\/strong><\/p>\n<\/div>\n<\/div>\n","protected":false},"excerpt":{"rendered":"<p>Raumgestaltung R\u00e4ume sind wie unsere zweite Haut. Es ist f\u00fcr mich immer wieder eine sch\u00f6ne Aufgabe, R\u00e4ume so zu gestalten, dass die Menschen,die sie nutzen, sich darin wohlf\u00fchlen, dass sie in den jeweiligen Bereichen und Phasen ihres Lebens unterst\u00fctzt, inspiriert und darin gef\u00f6rdert werden, ihr pers\u00f6nliches und kreatives Potential zu entfalten. Ein gestalterisches Element ist [&hellip;]<\/p>\n","protected":false},"author":3,"featured_media":0,"parent":0,"menu_order":0,"comment_status":"closed","ping_status":"closed","template":"","meta":{"ngg_post_thumbnail":0,"footnotes":""},"class_list":["post-13","page","type-page","status-publish","hentry"],"_links":{"self":[{"href":"http:\/\/catrinasteffen.de\/galerie\/index.php?rest_route=\/wp\/v2\/pages\/13"}],"collection":[{"href":"http:\/\/catrinasteffen.de\/galerie\/index.php?rest_route=\/wp\/v2\/pages"}],"about":[{"href":"http:\/\/catrinasteffen.de\/galerie\/index.php?rest_route=\/wp\/v2\/types\/page"}],"author":[{"embeddable":true,"href":"http:\/\/catrinasteffen.de\/galerie\/index.php?rest_route=\/wp\/v2\/users\/3"}],"replies":[{"embeddable":true,"href":"http:\/\/catrinasteffen.de\/galerie\/index.php?rest_route=%2Fwp%2Fv2%2Fcomments&post=13"}],"version-history":[{"count":28,"href":"http:\/\/catrinasteffen.de\/galerie\/index.php?rest_route=\/wp\/v2\/pages\/13\/revisions"}],"predecessor-version":[{"id":436,"href":"http:\/\/catrinasteffen.de\/galerie\/index.php?rest_route=\/wp\/v2\/pages\/13\/revisions\/436"}],"wp:attachment":[{"href":"http:\/\/catrinasteffen.de\/galerie\/index.php?rest_route=%2Fwp%2Fv2%2Fmedia&parent=13"}],"curies":[{"name":"wp","href":"https:\/\/api.w.org\/{rel}","templated":true}]}}